{"id":566,"date":"2023-11-03T17:11:46","date_gmt":"2023-11-03T16:11:46","guid":{"rendered":"https:\/\/procyclingworks.com\/?page_id=566"},"modified":"2024-09-19T17:55:09","modified_gmt":"2024-09-19T15:55:09","slug":"clases-grupales","status":"publish","type":"page","link":"https:\/\/procyclingworks.com\/index.php\/services\/clases-grupales\/","title":{"rendered":"Clases grupales"},"content":{"rendered":"\t\t<div data-elementor-type=\"wp-page\" data-elementor-id=\"566\" class=\"elementor elementor-566\">\n\t\t\t\t\t\t\t<div class=\"elementor-element elementor-element-15dbad6f e-flex e-con-boxed e-con e-parent\" data-id=\"15dbad6f\" data-element_type=\"container\" data-settings=\"{&quot;content_width&quot;:&quot;boxed&quot;}\" data-core-v316-plus=\"true\">\n\t\t\t\t\t<div class=\"e-con-inner\">\n\t\t\t\t<div class=\"elementor-element elementor-element-4ebe32e3 elementor-widget elementor-widget-text-editor\" data-id=\"4ebe32e3\" data-element_type=\"widget\" data-widget_type=\"text-editor.default\">\n\t\t\t\t<div class=\"elementor-widget-container\">\n\t\t\t<style>\/*! elementor - v3.16.0 - 09-10-2023 *\/\n.elementor-widget-text-editor.elementor-drop-cap-view-stacked .elementor-drop-cap{background-color:#69727d;color:#fff}.elementor-widget-text-editor.elementor-drop-cap-view-framed .elementor-drop-cap{color:#69727d;border:3px solid;background-color:transparent}.elementor-widget-text-editor:not(.elementor-drop-cap-view-default) .elementor-drop-cap{margin-top:8px}.elementor-widget-text-editor:not(.elementor-drop-cap-view-default) .elementor-drop-cap-letter{width:1em;height:1em}.elementor-widget-text-editor .elementor-drop-cap{float:left;text-align:center;line-height:1;font-size:50px}.elementor-widget-text-editor .elementor-drop-cap-letter{display:inline-block}<\/style>\t\t\t\t<!-- wp:paragraph -->\n<p>Este formato de curso es la mejor opci\u00f3n para los riders que quieren crear una base s\u00f3lida a la vez que se divierten y aprenden de sus compa\u00f1eros en un ambiente inmejorable, siguiendo una metodolog\u00eda l\u00f3gica, testada y con progresiones adecuadas. Crear una buena base para poder construir sobre ella es lo m\u00e1s importante y, \u00a1tu seguridad es lo primero!<\/p>\n<!-- \/wp:paragraph -->\n\n<!-- wp:list -->\n<ul><!-- wp:list-item -->\n<li>Feedback continuo<\/li>\n<!-- \/wp:list-item -->\n\n<!-- wp:list-item -->\n<li>Video-correcci\u00f3n<\/li>\n<!-- \/wp:list-item -->\n\n<!-- wp:list-item {\"style\":{\"typography\":{\"fontSize\":\"17px\"}}} -->\n<li style=\"font-size:17px\">Sesi\u00f3n m\u00ednima: 4 horas<\/li>\n<!-- \/wp:list-item --><\/ul>\n<!-- \/wp:list -->\n\n<!-- wp:paragraph -->\n<p>Para poder asegurar una progresi\u00f3n adecuada y una comprensi\u00f3n te\u00f3rico-pr\u00e1ctica correcta, <strong>la duraci\u00f3n m\u00ednima de este formato es de 4 horas.<\/strong><\/p>\n<!-- \/wp:paragraph -->\n\n<!-- wp:paragraph -->\n<p>Este formato es ideal para grupos de m\u00e1s de 5 personas.<\/p>\n<!-- \/wp:paragraph -->\n\n<!-- wp:paragraph -->\n<p>Nuestros precios:<\/p>\n<!-- \/wp:paragraph -->\n\n<!-- wp:table -->\n<figure class=\"wp-block-table\"><table><tbody><tr><td><strong>Personas<\/strong><\/td><td><strong>Precio (4 horas)<\/strong><\/td><td><strong>Reserva<\/strong><\/td><\/tr><tr><td><strong>6 a 7<\/strong><\/td><td>75\u20ac\/persona<\/td><td>100\u20ac<\/td><\/tr><tr><td><strong>8 a 9<\/strong><\/td><td>65\u20ac\/persona<\/td><td>100\u20ac<\/td><\/tr><tr><td><strong>10 a 12<\/strong><\/td><td>60\u20ac\/persona<\/td><td>100\u20ac<\/td><\/tr><tr><td><strong>12 a 15<\/strong><\/td><td>55\u20ac\/persona<\/td><td>150\u20ac<\/td><\/tr><\/tbody><\/table><figcaption class=\"wp-element-caption\">La reserva ser\u00e1 el importe a pagar a trav\u00e9s de la web en cuanto el alumno y el instructor fijen una fecha.<\/figcaption><\/figure>\n<!-- \/wp:table -->\t\t\t\t\t\t<\/div>\n\t\t\t\t<\/div>\n\t\t\t\t<div class=\"elementor-element elementor-element-6ba6ac4 elementor-align-center elementor-widget elementor-widget-button\" data-id=\"6ba6ac4\" data-element_type=\"widget\" data-widget_type=\"button.default\">\n\t\t\t\t<div class=\"elementor-widget-container\">\n\t\t\t\t\t<div class=\"elementor-button-wrapper\">\n\t\t\t<a class=\"elementor-button elementor-button-link elementor-size-sm\" href=\"https:\/\/procyclingworks.com\/index.php\/contact\/\">\n\t\t\t\t\t\t<span class=\"elementor-button-content-wrapper\">\n\t\t\t\t\t\t<span class=\"elementor-button-text\">RESERVA<\/span>\n\t\t<\/span>\n\t\t\t\t\t<\/a>\n\t\t<\/div>\n\t\t\t\t<\/div>\n\t\t\t\t<\/div>\n\t\t\t\t\t<\/div>\n\t\t\t\t<\/div>\n\t\t\t\t\t\t\t<\/div>\n\t\t","protected":false},"excerpt":{"rendered":"<p>Este formato de curso es la mejor opci\u00f3n para los riders que quieren crear una base s\u00f3lida a la vez que se divierten y aprenden de sus compa\u00f1eros en un ambiente inmejorable, siguiendo una metodolog\u00eda l\u00f3gica, testada y con progresiones adecuadas. Crear una buena base para poder construir sobre ella es lo m\u00e1s importante y, &hellip;<\/p>\n<p class=\"read-more\"> <a class=\"\" href=\"https:\/\/procyclingworks.com\/index.php\/services\/clases-grupales\/\"> <span class=\"screen-reader-text\">Clases grupales<\/span> Leer m\u00e1s &raquo;<\/a><\/p>\n","protected":false},"author":1,"featured_media":556,"parent":542,"menu_order":30,"comment_status":"closed","ping_status":"closed","template":"","meta":{"_uag_custom_page_level_css":"","site-sidebar-layout":"default","site-content-layout":"","ast-site-content-layout":"default","site-content-style":"default","site-sidebar-style":"default","ast-global-header-display":"","ast-banner-title-visibility":"","ast-main-header-display":"","ast-hfb-above-header-display":"","ast-hfb-below-header-display":"","ast-hfb-mobile-header-display":"","site-post-title":"","ast-breadcrumbs-content":"","ast-featured-img":"","footer-sml-layout":"","theme-transparent-header-meta":"","adv-header-id-meta":"","stick-header-meta":"","header-above-stick-meta":"","header-main-stick-meta":"","header-below-stick-meta":"","astra-migrate-meta-layouts":"set","footnotes":""},"uagb_featured_image_src":{"full":["https:\/\/procyclingworks.com\/wp-content\/uploads\/2023\/11\/IMG_9019.png",4032,3024,false],"thumbnail":["https:\/\/procyclingworks.com\/wp-content\/uploads\/2023\/11\/IMG_9019-150x150.png",150,150,true],"medium":["https:\/\/procyclingworks.com\/wp-content\/uploads\/2023\/11\/IMG_9019-300x225.png",300,225,true],"medium_large":["https:\/\/procyclingworks.com\/wp-content\/uploads\/2023\/11\/IMG_9019-768x576.png",768,576,true],"large":["https:\/\/procyclingworks.com\/wp-content\/uploads\/2023\/11\/IMG_9019-1024x768.png",1024,768,true],"1536x1536":["https:\/\/procyclingworks.com\/wp-content\/uploads\/2023\/11\/IMG_9019-1536x1152.png",1536,1152,true],"2048x2048":["https:\/\/procyclingworks.com\/wp-content\/uploads\/2023\/11\/IMG_9019-2048x1536.png",2048,1536,true],"woocommerce_thumbnail":["https:\/\/procyclingworks.com\/wp-content\/uploads\/2023\/11\/IMG_9019-300x300.png",300,300,true],"woocommerce_single":["https:\/\/procyclingworks.com\/wp-content\/uploads\/2023\/11\/IMG_9019-600x450.png",600,450,true],"woocommerce_gallery_thumbnail":["https:\/\/procyclingworks.com\/wp-content\/uploads\/2023\/11\/IMG_9019-100x100.png",100,100,true]},"uagb_author_info":{"display_name":"procyclingworks.com","author_link":"https:\/\/procyclingworks.com\/index.php\/author\/procyclingworks-com\/"},"uagb_comment_info":0,"uagb_excerpt":"Este formato de curso es la mejor opci\u00f3n para los riders que quieren crear una base s\u00f3lida a la vez que se divierten y aprenden de sus compa\u00f1eros en un ambiente inmejorable, siguiendo una metodolog\u00eda l\u00f3gica, testada y con progresiones adecuadas. Crear una buena base para poder construir sobre ella es lo m\u00e1s importante y,&hellip;","_links":{"self":[{"href":"https:\/\/procyclingworks.com\/index.php\/wp-json\/wp\/v2\/pages\/566"}],"collection":[{"href":"https:\/\/procyclingworks.com\/index.php\/wp-json\/wp\/v2\/pages"}],"about":[{"href":"https:\/\/procyclingworks.com\/index.php\/wp-json\/wp\/v2\/types\/page"}],"author":[{"embeddable":true,"href":"https:\/\/procyclingworks.com\/index.php\/wp-json\/wp\/v2\/users\/1"}],"replies":[{"embeddable":true,"href":"https:\/\/procyclingworks.com\/index.php\/wp-json\/wp\/v2\/comments?post=566"}],"version-history":[{"count":7,"href":"https:\/\/procyclingworks.com\/index.php\/wp-json\/wp\/v2\/pages\/566\/revisions"}],"predecessor-version":[{"id":914,"href":"https:\/\/procyclingworks.com\/index.php\/wp-json\/wp\/v2\/pages\/566\/revisions\/914"}],"up":[{"embeddable":true,"href":"https:\/\/procyclingworks.com\/index.php\/wp-json\/wp\/v2\/pages\/542"}],"wp:featuredmedia":[{"embeddable":true,"href":"https:\/\/procyclingworks.com\/index.php\/wp-json\/wp\/v2\/media\/556"}],"wp:attachment":[{"href":"https:\/\/procyclingworks.com\/index.php\/wp-json\/wp\/v2\/media?parent=566"}],"curies":[{"name":"wp","href":"https:\/\/api.w.org\/{rel}","templated":true}]}}